{"id":25972,"date":"2022-02-23T11:25:30","date_gmt":"2022-02-23T15:25:30","guid":{"rendered":"https:\/\/suiche7b.com.ve\/password-reset\/"},"modified":"2022-03-18T16:17:55","modified_gmt":"2022-03-18T20:17:55","slug":"password-reset","status":"publish","type":"page","link":"https:\/\/websuiche7b-fta7cncuapachxfz.eastus2-01.azurewebsites.net\/?page_id=25972","title":{"rendered":"Restablecer la contrase\u00f1a"},"content":{"rendered":"<div class=\"um um-password um-um_password_id\">\n\t<div class=\"um-form\">\n\t\t<form method=\"post\" action=\"\">\n\t\t\t\n\t\t\t\t<input type=\"hidden\" name=\"_um_password_reset\" id=\"_um_password_reset\" value=\"1\" \/>\n\n\t\t\t\t\t\t\t\t\t<div class=\"um-field um-field-block um-field-type_block\">\n\t\t\t\t\t\t<div class=\"um-field-block\">\n\t\t\t\t\t\t\t<div style=\"text-align:center;\">\n\t\t\t\t\t\t\t\tPara restablecer tu contrase\u00f1a, por favor, introduce a continuaci\u00f3n tu direcci\u00f3n de correo electr\u00f3nico o nombre de usuario.\t\t\t\t\t\t\t<\/div>\n\t\t\t\t\t\t<\/div>\n\t\t\t\t\t<\/div>\n\t\t\t\t\t<div  id=\"um_field_0_username_b\" class=\"um-field um-field-text  um-field-username_b um-field-text um-field-type_text\" data-key=\"username_b\"><div class=\"um-field-area\"><input  autocomplete=\"off\" class=\"um-form-field valid \" type=\"text\" name=\"username_b\" id=\"username_b\" value=\"\" placeholder=\"Introduce tu nombre de usuario o correo electr\u00f3nico\" data-validate=\"\" data-key=\"username_b\"  aria-invalid=\"false\" \/>\n\n\t\t\t\t\t\t<\/div><\/div>\n<div class=\"g-recaptcha\" id=\"um-um_password_id\" data-mode=\"password\"><\/div>\n\n\t\t\t\t<div class=\"um-col-alt um-col-alt-b\">\n\t\t\t\t\t<div class=\"um-center\">\n\t\t\t\t\t\t<input type=\"submit\" value=\"Reset password\" class=\"um-button\" id=\"um-submit-btn\" \/>\n\t\t\t\t\t<\/div>\n\t\t\t\t\t<div class=\"um-clear\"><\/div>\n\t\t\t\t<\/div>\n\t\t\t\t\t<input type=\"hidden\" name=\"form_id\" id=\"form_id_um_password_id\" value=\"um_password_id\" \/>\n\t\t<p class=\"um_request_name\">\n\t\t<label for=\"um_request_um_password_id\">Only fill in if you are not human<\/label>\n\t\t<input type=\"hidden\" name=\"um_request\" id=\"um_request_um_password_id\" class=\"input\" value=\"\" size=\"25\" autocomplete=\"off\" \/>\n\t<\/p>\n\t\t\t<\/form>\n\t<\/div>\n<\/div>\n<style>\n\t\t\t.um-um_password_id.um {\n\t\t\tmax-width: 450px;\n\t\t}\n\t\t<\/style>\n\n","protected":false},"excerpt":{"rendered":"","protected":false},"author":1,"featured_media":0,"parent":0,"menu_order":0,"comment_status":"closed","ping_status":"closed","template":"","meta":{"footnotes":""},"class_list":["post-25972","page","type-page","status-publish"],"yoast_head":"<!-- This site is optimized with the Yoast SEO plugin v26.5 - https:\/\/yoast.com\/wordpress\/plugins\/seo\/ -->\n<title>Restablecer la contrase\u00f1a - Suiche 7B<\/title>\n<meta name=\"robots\" content=\"index, follow, max-snippet:-1, max-image-preview:large, max-video-preview:-1\" \/>\n<link rel=\"canonical\" href=\"https:\/\/suiche7b.com.ve\/?page_id=25972\" \/>\n<meta property=\"og:locale\" content=\"es_ES\" \/>\n<meta property=\"og:type\" content=\"article\" \/>\n<meta property=\"og:title\" content=\"Restablecer la contrase\u00f1a - Suiche 7B\" \/>\n<meta property=\"og:url\" content=\"https:\/\/suiche7b.com.ve\/?page_id=25972\" \/>\n<meta property=\"og:site_name\" content=\"Suiche 7B\" \/>\n<meta property=\"article:publisher\" content=\"https:\/\/www.facebook.com\/Suiche7B\" \/>\n<meta property=\"article:modified_time\" content=\"2022-03-18T20:17:55+00:00\" \/>\n<meta name=\"twitter:card\" content=\"summary_large_image\" \/>\n<meta name=\"twitter:site\" content=\"@Suiche7B\" \/>\n<script type=\"application\/ld+json\" class=\"yoast-schema-graph\">{\"@context\":\"https:\/\/schema.org\",\"@graph\":[{\"@type\":\"WebPage\",\"@id\":\"https:\/\/suiche7b.com.ve\/?page_id=25972\",\"url\":\"https:\/\/suiche7b.com.ve\/?page_id=25972\",\"name\":\"Restablecer la contrase\u00f1a - Suiche 7B\",\"isPartOf\":{\"@id\":\"https:\/\/suiche7b.com.ve\/#website\"},\"datePublished\":\"2022-02-23T15:25:30+00:00\",\"dateModified\":\"2022-03-18T20:17:55+00:00\",\"breadcrumb\":{\"@id\":\"https:\/\/suiche7b.com.ve\/?page_id=25972#breadcrumb\"},\"inLanguage\":\"es\",\"potentialAction\":[{\"@type\":\"ReadAction\",\"target\":[\"https:\/\/suiche7b.com.ve\/?page_id=25972\"]}]},{\"@type\":\"BreadcrumbList\",\"@id\":\"https:\/\/suiche7b.com.ve\/?page_id=25972#breadcrumb\",\"itemListElement\":[{\"@type\":\"ListItem\",\"position\":1,\"name\":\"Portada\",\"item\":\"https:\/\/suiche7b.com.ve\/\"},{\"@type\":\"ListItem\",\"position\":2,\"name\":\"Restablecer la contrase\u00f1a\"}]},{\"@type\":\"WebSite\",\"@id\":\"https:\/\/suiche7b.com.ve\/#website\",\"url\":\"https:\/\/suiche7b.com.ve\/\",\"name\":\"Suiche 7B\",\"description\":\"La red interbancaria del pa\u00eds\",\"publisher\":{\"@id\":\"https:\/\/suiche7b.com.ve\/#organization\"},\"potentialAction\":[{\"@type\":\"SearchAction\",\"target\":{\"@type\":\"EntryPoint\",\"urlTemplate\":\"https:\/\/suiche7b.com.ve\/?s={search_term_string}\"},\"query-input\":{\"@type\":\"PropertyValueSpecification\",\"valueRequired\":true,\"valueName\":\"search_term_string\"}}],\"inLanguage\":\"es\"},{\"@type\":\"Organization\",\"@id\":\"https:\/\/suiche7b.com.ve\/#organization\",\"name\":\"Corporaci\u00f3n Suiche 7B C.A\",\"url\":\"https:\/\/suiche7b.com.ve\/\",\"logo\":{\"@type\":\"ImageObject\",\"inLanguage\":\"es\",\"@id\":\"https:\/\/suiche7b.com.ve\/#\/schema\/logo\/image\/\",\"url\":\"https:\/\/suiche7b.com.ve\/wp-content\/uploads\/2022\/02\/logo-suiche7b.png\",\"contentUrl\":\"https:\/\/suiche7b.com.ve\/wp-content\/uploads\/2022\/02\/logo-suiche7b.png\",\"width\":505,\"height\":114,\"caption\":\"Corporaci\u00f3n Suiche 7B C.A\"},\"image\":{\"@id\":\"https:\/\/suiche7b.com.ve\/#\/schema\/logo\/image\/\"},\"sameAs\":[\"https:\/\/www.facebook.com\/Suiche7B\",\"https:\/\/x.com\/Suiche7B\"]}]}<\/script>\n<!-- \/ Yoast SEO plugin. -->","yoast_head_json":{"title":"Restablecer la contrase\u00f1a - Suiche 7B","robots":{"index":"index","follow":"follow","max-snippet":"max-snippet:-1","max-image-preview":"max-image-preview:large","max-video-preview":"max-video-preview:-1"},"canonical":"https:\/\/suiche7b.com.ve\/?page_id=25972","og_locale":"es_ES","og_type":"article","og_title":"Restablecer la contrase\u00f1a - Suiche 7B","og_url":"https:\/\/suiche7b.com.ve\/?page_id=25972","og_site_name":"Suiche 7B","article_publisher":"https:\/\/www.facebook.com\/Suiche7B","article_modified_time":"2022-03-18T20:17:55+00:00","twitter_card":"summary_large_image","twitter_site":"@Suiche7B","schema":{"@context":"https:\/\/schema.org","@graph":[{"@type":"WebPage","@id":"https:\/\/suiche7b.com.ve\/?page_id=25972","url":"https:\/\/suiche7b.com.ve\/?page_id=25972","name":"Restablecer la contrase\u00f1a - Suiche 7B","isPartOf":{"@id":"https:\/\/suiche7b.com.ve\/#website"},"datePublished":"2022-02-23T15:25:30+00:00","dateModified":"2022-03-18T20:17:55+00:00","breadcrumb":{"@id":"https:\/\/suiche7b.com.ve\/?page_id=25972#breadcrumb"},"inLanguage":"es","potentialAction":[{"@type":"ReadAction","target":["https:\/\/suiche7b.com.ve\/?page_id=25972"]}]},{"@type":"BreadcrumbList","@id":"https:\/\/suiche7b.com.ve\/?page_id=25972#breadcrumb","itemListElement":[{"@type":"ListItem","position":1,"name":"Portada","item":"https:\/\/suiche7b.com.ve\/"},{"@type":"ListItem","position":2,"name":"Restablecer la contrase\u00f1a"}]},{"@type":"WebSite","@id":"https:\/\/suiche7b.com.ve\/#website","url":"https:\/\/suiche7b.com.ve\/","name":"Suiche 7B","description":"La red interbancaria del pa\u00eds","publisher":{"@id":"https:\/\/suiche7b.com.ve\/#organization"},"potentialAction":[{"@type":"SearchAction","target":{"@type":"EntryPoint","urlTemplate":"https:\/\/suiche7b.com.ve\/?s={search_term_string}"},"query-input":{"@type":"PropertyValueSpecification","valueRequired":true,"valueName":"search_term_string"}}],"inLanguage":"es"},{"@type":"Organization","@id":"https:\/\/suiche7b.com.ve\/#organization","name":"Corporaci\u00f3n Suiche 7B C.A","url":"https:\/\/suiche7b.com.ve\/","logo":{"@type":"ImageObject","inLanguage":"es","@id":"https:\/\/suiche7b.com.ve\/#\/schema\/logo\/image\/","url":"https:\/\/suiche7b.com.ve\/wp-content\/uploads\/2022\/02\/logo-suiche7b.png","contentUrl":"https:\/\/suiche7b.com.ve\/wp-content\/uploads\/2022\/02\/logo-suiche7b.png","width":505,"height":114,"caption":"Corporaci\u00f3n Suiche 7B C.A"},"image":{"@id":"https:\/\/suiche7b.com.ve\/#\/schema\/logo\/image\/"},"sameAs":["https:\/\/www.facebook.com\/Suiche7B","https:\/\/x.com\/Suiche7B"]}]}},"_links":{"self":[{"href":"https:\/\/websuiche7b-fta7cncuapachxfz.eastus2-01.azurewebsites.net\/index.php?rest_route=\/wp\/v2\/pages\/25972","targetHints":{"allow":["GET"]}}],"collection":[{"href":"https:\/\/websuiche7b-fta7cncuapachxfz.eastus2-01.azurewebsites.net\/index.php?rest_route=\/wp\/v2\/pages"}],"about":[{"href":"https:\/\/websuiche7b-fta7cncuapachxfz.eastus2-01.azurewebsites.net\/index.php?rest_route=\/wp\/v2\/types\/page"}],"author":[{"embeddable":true,"href":"https:\/\/websuiche7b-fta7cncuapachxfz.eastus2-01.azurewebsites.net\/index.php?rest_route=\/wp\/v2\/users\/1"}],"replies":[{"embeddable":true,"href":"https:\/\/websuiche7b-fta7cncuapachxfz.eastus2-01.azurewebsites.net\/index.php?rest_route=%2Fwp%2Fv2%2Fcomments&post=25972"}],"version-history":[{"count":1,"href":"https:\/\/websuiche7b-fta7cncuapachxfz.eastus2-01.azurewebsites.net\/index.php?rest_route=\/wp\/v2\/pages\/25972\/revisions"}],"predecessor-version":[{"id":26193,"href":"https:\/\/websuiche7b-fta7cncuapachxfz.eastus2-01.azurewebsites.net\/index.php?rest_route=\/wp\/v2\/pages\/25972\/revisions\/26193"}],"wp:attachment":[{"href":"https:\/\/websuiche7b-fta7cncuapachxfz.eastus2-01.azurewebsites.net\/index.php?rest_route=%2Fwp%2Fv2%2Fmedia&parent=25972"}],"curies":[{"name":"wp","href":"https:\/\/api.w.org\/{rel}","templated":true}]}}